{"id":474,"date":"2017-01-02T08:28:52","date_gmt":"2017-01-02T08:28:52","guid":{"rendered":"https:\/\/demo.themegrill.com\/flash-default-2\/?page_id=5"},"modified":"2019-10-19T06:33:50","modified_gmt":"2019-10-19T04:33:50","slug":"home","status":"publish","type":"page","link":"https:\/\/creativperformance.com\/","title":{"rendered":"Home"},"content":{"rendered":"<div id=\"pl-474\"  class=\"panel-layout\" ><div id=\"pg-474-0\"  class=\"panel-grid panel-has-style\" ><div class=\"siteorigin-panels-stretch panel-row-style panel-row-style-for-474-0\" data-stretch-type=\"full-stretched\" ><div id=\"pgc-474-0-0\"  class=\"panel-grid-cell\" ><div id=\"panel-474-0-0-0\" class=\"so-panel widget widget_themegrill_flash_slider tg-section tg-slider-widget panel-first-child panel-last-child\" data-index=\"0\" ><div class=\"flash_inherit_color panel-widget-style panel-widget-style-for-474-0-0-0\" ><div class=\"tg-slider-widget slider-light slider-content-center slider-control-center full-width\">\n\t<div class=\"swiper-container\">\n\t\t<div class=\"swiper-wrapper\">\n\t\t\t\n\t\t\t\t\t<div class=\"swiper-slide\">\n\t\t\t\t\t\t<figure class=\"slider-image\" >\n\t\t\t\t\t\t\t<img width=\"1920\" height=\"700\"\t\t\t\t\t\t\t\t\tsrc=\"https:\/\/creativperformance.com\/wp-content\/uploads\/2019\/06\/IMG_0720.jpg\"\n\t\t\t\t\t\t\t\t\talt=\"Banni\u00e8re Creativ Performance\"\n\t\t\t\t\t\t\t\t\ttitle=\"Des professionnels des Ressources Humaines au service de votre entreprise ! \"\/>\n\t\t\t\t\t\t\t<div class=\"overlay\"><\/div>\n\t\t\t\t\t\t<\/figure>\n\t\t\t\t\t\t<div class=\"slider-content\">\n\t\t\t\t\t\t\t<div class=\"tg-container\">\n\t\t\t\t\t\t\t\t<div class=\"caption-title\">Des professionnels des Ressources Humaines au service de votre entreprise ! <\/div>\n\t\t\t\t\t\t\t\t<div class=\"caption-desc\"><\/div>\n\t\t\t\t\t\t\t\t\t\t\t\t\t\t\t<\/div>\n\t\t\t\t\t\t<\/div>\n\t\t\t\t\t<\/div>\n\n\t\t\t\t\n\t\t\t\t\t<div class=\"swiper-slide\">\n\t\t\t\t\t\t<figure class=\"slider-image\" >\n\t\t\t\t\t\t\t<img width=\"1920\" height=\"700\"\t\t\t\t\t\t\t\t\tsrc=\"http:\/\/creativperformance.com\/wp-content\/uploads\/2019\/06\/PERFOMANCE-.jpg\"\n\t\t\t\t\t\t\t\t\talt=\"PERFOMANCE\"\n\t\t\t\t\t\t\t\t\ttitle=\"Osez le pr\u00e9-diagnostic de votre Organisation, notre \u00e9quipe vous l&#039;offre.\"\/>\n\t\t\t\t\t\t\t<div class=\"overlay\"><\/div>\n\t\t\t\t\t\t<\/figure>\n\t\t\t\t\t\t<div class=\"slider-content\">\n\t\t\t\t\t\t\t<div class=\"tg-container\">\n\t\t\t\t\t\t\t\t<div class=\"caption-title\">Osez le pr\u00e9-diagnostic de votre Organisation, notre \u00e9quipe vous l&#039;offre.<\/div>\n\t\t\t\t\t\t\t\t<div class=\"caption-desc\"><\/div>\n\t\t\t\t\t\t\t\t\t\t\t\t\t\t\t\t\t<div class=\"btn-wrapper\">\n\t\t\t\t\t\t\t\t\t\t<a href=\"https:\/\/creativperformance.com\/index.php\/contact\/\">Contactez nos consultants<\/a>\n\t\t\t\t\t\t\t\t\t<\/div>\n\t\t\t\t\t\t\t\t\t\t\t\t\t\t\t<\/div>\n\t\t\t\t\t\t<\/div>\n\t\t\t\t\t<\/div>\n\n\t\t\t\t\n\t\t\t\t\t<div class=\"swiper-slide\">\n\t\t\t\t\t\t<figure class=\"slider-image\" >\n\t\t\t\t\t\t\t<img width=\"1920\" height=\"700\"\t\t\t\t\t\t\t\t\tsrc=\"https:\/\/creativperformance.com\/wp-content\/uploads\/2019\/08\/IMAGE-1.png\"\n\t\t\t\t\t\t\t\t\talt=\"Faire de vos Ressources Humaines un avantage concurrentiel !\"\n\t\t\t\t\t\t\t\t\ttitle=\"\"\/>\n\t\t\t\t\t\t\t<div class=\"overlay\"><\/div>\n\t\t\t\t\t\t<\/figure>\n\t\t\t\t\t\t<div class=\"slider-content\">\n\t\t\t\t\t\t\t<div class=\"tg-container\">\n\t\t\t\t\t\t\t\t<div class=\"caption-title\"><\/div>\n\t\t\t\t\t\t\t\t<div class=\"caption-desc\"><\/div>\n\t\t\t\t\t\t\t\t\t\t\t\t\t\t\t<\/div>\n\t\t\t\t\t\t<\/div>\n\t\t\t\t\t<\/div>\n\n\t\t\t\t\t\t<\/div>\n\t\t<div class=\"swiper-pagination\"><\/div>\n\t\t<div class=\"slider-arrow\">\n\t\t\t<div class=\"swiper-button-next\"><\/div>\n\t\t\t<div class=\"swiper-button-prev\"><\/div>\n\t\t<\/div>\n\t<\/div>\n<\/div>\n<\/div><\/div><\/div><\/div><\/div><div id=\"pg-474-1\"  class=\"panel-grid panel-has-style\" ><div class=\"siteorigin-panels-stretch panel-row-style panel-row-style-for-474-1\" data-stretch-type=\"full\" ><div id=\"pgc-474-1-0\"  class=\"panel-grid-cell\" ><div id=\"panel-474-1-0-0\" class=\"so-panel widget widget_text panel-first-child panel-last-child\" data-index=\"1\" >\t\t\t<div class=\"textwidget\"><p>Technicien(ne) dans l\u2019\u00e2me, vous ressentez le besoin d\u2019avoir <b>un appui fiable<\/b> dans la gestion et le management de vos collaborateurs et ainsi vous consacrer \u00e0 votre c\u0153ur de m\u00e9tier.<\/p>\n<p>Vous souhaitez dynamiser votre <b>climat interne <\/b>afin de favoriser les conditions de la <b>performance globale <\/b>de votre entreprise.<\/p>\n<p>Vous assumez <b>seul(e)<\/b>\u00a0les <b>diff\u00e9rents volets de gestion <\/b>de votre entreprise et vous n\u2019avez pas la ressource interne suffisante pour vous accompagner \u00e0 <b>optimiser votre organisation<\/b>.<\/p>\n<\/div>\n\t\t<\/div><\/div><div id=\"pgc-474-1-1\"  class=\"panel-grid-cell\" ><div id=\"panel-474-1-1-0\" class=\"so-panel widget widget_themegrill_flash_image tg-widget tg-image-widget panel-first-child panel-last-child\" data-index=\"2\" >\t<img src=\"https:\/\/creativperformance.com\/wp-content\/uploads\/2019\/08\/IMAGE-2-1.jpg\" \/>\n<\/div><\/div><\/div><\/div><div id=\"pg-474-2\"  class=\"panel-grid panel-has-style\" ><div class=\"siteorigin-panels-stretch panel-row-style panel-row-style-for-474-2\" data-stretch-type=\"full\" ><div id=\"pgc-474-2-0\"  class=\"panel-grid-cell\" ><div id=\"panel-474-2-0-0\" class=\"so-panel widget widget_themegrill_flash_heading tg-widget section-title-wrapper panel-first-child\" data-index=\"3\" ><div class=\"flash_inherit_color panel-widget-style panel-widget-style-for-474-2-0-0\" ><\/div><\/div><div id=\"panel-474-2-0-1\" class=\"so-panel widget widget_themegrill_flash_image tg-widget tg-image-widget panel-last-child\" data-index=\"4\" ><div class=\"flash_inherit_color panel-widget-style panel-widget-style-for-474-2-0-1\" >\t<img src=\"https:\/\/creativperformance.com\/wp-content\/uploads\/2019\/08\/IMAGE-3.png\" \/>\n<\/div><\/div><\/div><\/div><\/div><div id=\"pg-474-3\"  class=\"panel-grid panel-no-style\" ><div id=\"pgc-474-3-0\"  class=\"panel-grid-cell\" ><div id=\"panel-474-3-0-0\" class=\"so-panel widget widget_themegrill_flash_heading tg-widget section-title-wrapper panel-first-child panel-last-child\" data-index=\"5\" >\t<h3 class=\"section-title\">Notre Mission :<\/h3>\n<\/div><\/div><\/div><div id=\"pg-474-4\"  class=\"panel-grid panel-no-style\" ><div id=\"pgc-474-4-0\"  class=\"panel-grid-cell\" ><div id=\"panel-474-4-0-0\" class=\"so-panel widget widget_themegrill_flash_image tg-widget tg-image-widget panel-first-child panel-last-child\" data-index=\"6\" >\t<img src=\"http:\/\/creativperformance.com\/wp-content\/uploads\/2019\/06\/IMG_0405.jpg\" \/>\n<\/div><\/div><div id=\"pgc-474-4-1\"  class=\"panel-grid-cell\" ><div id=\"panel-474-4-1-0\" class=\"so-panel widget widget_text panel-first-child panel-last-child\" data-index=\"7\" >\t\t\t<div class=\"textwidget\"><p>\u00catre votre <b>RH Business Partner <\/b>pour :<\/p>\n<p>-Optimiser votre organisation et vos process RH \u00e0 court, moyen et long terme et ainsi vous permettre de vous consacrer \u00e0 votre m\u00e9tier.<\/p>\n<p>-Cr\u00e9er un alignement strat\u00e9gique efficient qui sera un levier pour booster votre cr\u00e9ation de valeur ajout\u00e9e et p\u00e9renniser votre activit\u00e9.<\/p>\n<p>-Faire de votre entreprise et organisation un exemple \u00e0 suivre dans la strat\u00e9gie et la gestion des Ressources Humaines.<\/p>\n<\/div>\n\t\t<\/div><\/div><\/div><div id=\"pg-474-5\"  class=\"panel-grid panel-no-style\" ><div id=\"pgc-474-5-0\"  class=\"panel-grid-cell\" ><div id=\"panel-474-5-0-0\" class=\"so-panel widget widget_themegrill_flash_heading tg-widget section-title-wrapper panel-first-child panel-last-child\" data-index=\"8\" ><\/div><\/div><\/div><div id=\"pg-474-6\"  class=\"panel-grid panel-no-style\" ><div id=\"pgc-474-6-0\"  class=\"panel-grid-cell\" ><div id=\"panel-474-6-0-0\" class=\"so-panel widget widget_themegrill_flash_heading tg-widget section-title-wrapper panel-first-child\" data-index=\"9\" >\t<h3 class=\"section-title\">Pr\u00e9-Diagnostic<\/h3>\n<\/div><div id=\"panel-474-6-0-1\" class=\"so-panel widget widget_themegrill_flash_image tg-widget tg-image-widget panel-last-child\" data-index=\"10\" >\t<a href=\"https:\/\/creativperformance.com\/index.php\/contact\"><img src=\"https:\/\/creativperformance.com\/wp-content\/uploads\/2019\/08\/IMAGE-4.png\" \/><\/a>\n<\/div><\/div><div id=\"pgc-474-6-1\"  class=\"panel-grid-cell\" ><div id=\"panel-474-6-1-0\" class=\"so-panel widget widget_themegrill_flash_heading tg-widget section-title-wrapper panel-first-child\" data-index=\"11\" >\t<h3 class=\"section-title\">Actualit\u00e9s<\/h3>\n<\/div><style>\n.rpwe-block ul{list-style:none!important;margin-left:0!important;padding-left:0!important;}.rpwe-block li{border-bottom:1px solid #eee;margin-bottom:10px;padding-bottom:10px;list-style-type: none;}.rpwe-block a{display:inline!important;text-decoration:none;}.rpwe-block h3{background:none!important;clear:none;margin-bottom:0!important;margin-top:0!important;font-weight:400;font-size:12px!important;line-height:1.5em;}.rpwe-thumb{border:1px solid #EEE!important;box-shadow:none!important;margin:2px 10px 2px 0;padding:3px!important;}.rpwe-summary{font-size:12px;}.rpwe-time{color:#bbb;font-size:11px;}.rpwe-comment{color:#bbb;font-size:11px;padding-left:5px;}.rpwe-alignleft{display:inline;float:left;}.rpwe-alignright{display:inline;float:right;}.rpwe-aligncenter{display:block;margin-left: auto;margin-right: auto;}.rpwe-clearfix:before,.rpwe-clearfix:after{content:\"\";display:table !important;}.rpwe-clearfix:after{clear:both;}.rpwe-clearfix{zoom:1;}\n<\/style>\n\t<div id=\"panel-474-6-1-1\" class=\"so-panel widget widget_rpwe_widget rpwe_widget recent-posts-extended panel-last-child\" data-index=\"12\" ><div  class=\"rpwe-block \"><ul class=\"rpwe-ul\"><li class=\"rpwe-li rpwe-clearfix\"><h3 class=\"rpwe-title\"><a href=\"https:\/\/creativperformance.com\/index.php\/2020\/05\/07\/covid-19-reprise-dactivite-anticipation-et-methode-pour-une-sortie-de-crise\/\" title=\"Lien vers COVID-19 Reprise d&#8217;activit\u00e9 : Anticipation et M\u00e9thode pour une sortie de crise.\" rel=\"bookmark\">COVID-19 Reprise d&#8217;activit\u00e9 : Anticipation et M\u00e9thode pour une sortie de crise.<\/a><\/h3><time class=\"rpwe-time published\" datetime=\"2020-05-07T17:20:26+02:00\">7 mai 2020<\/time><\/li><li class=\"rpwe-li rpwe-clearfix\"><h3 class=\"rpwe-title\"><a href=\"https:\/\/creativperformance.com\/index.php\/2020\/04\/18\/je-teletravaille-quelle-chance-plutot-quel-casse-tete\/\" title=\"Lien vers Je &#8220;t\u00e9l\u00e9travaille&#8221; ! Quelle chance \u2026 plut\u00f4t quel casse-t\u00eate !\" rel=\"bookmark\">Je &#8220;t\u00e9l\u00e9travaille&#8221; ! Quelle chance \u2026 plut\u00f4t quel casse-t\u00eate !<\/a><\/h3><time class=\"rpwe-time published\" datetime=\"2020-04-18T01:22:05+02:00\">18 avril 2020<\/time><\/li><li class=\"rpwe-li rpwe-clearfix\"><h3 class=\"rpwe-title\"><a href=\"https:\/\/creativperformance.com\/index.php\/2020\/04\/18\/manager-et-teletravail-une-distance-sans-eloignement-facile-a-dire\/\" title=\"Lien vers Manager et t\u00e9l\u00e9travail : une distance sans \u00e9loignement ! Facile \u00e0 dire \u2026 !\" rel=\"bookmark\">Manager et t\u00e9l\u00e9travail : une distance sans \u00e9loignement ! Facile \u00e0 dire \u2026 !<\/a><\/h3><time class=\"rpwe-time published\" datetime=\"2020-04-18T00:35:14+02:00\">18 avril 2020<\/time><\/li><\/ul><\/div><!-- Generated by http:\/\/wordpress.org\/plugins\/recent-posts-widget-extended\/ --><\/div><\/div><div id=\"pgc-474-6-2\"  class=\"panel-grid-cell\" ><div id=\"panel-474-6-2-0\" class=\"so-panel widget widget_themegrill_flash_heading tg-widget section-title-wrapper panel-first-child\" data-index=\"13\" >\t<h3 class=\"section-title\">Nos Offres<\/h3>\n<\/div><style>\n.rpwe-block ul{list-style:none!important;margin-left:0!important;padding-left:0!important;}.rpwe-block li{border-bottom:1px solid #eee;margin-bottom:10px;padding-bottom:10px;list-style-type: none;}.rpwe-block a{display:inline!important;text-decoration:none;}.rpwe-block h3{background:none!important;clear:none;margin-bottom:0!important;margin-top:0!important;font-weight:400;font-size:12px!important;line-height:1.5em;}.rpwe-thumb{border:1px solid #EEE!important;box-shadow:none!important;margin:2px 10px 2px 0;padding:3px!important;}.rpwe-summary{font-size:12px;}.rpwe-time{color:#bbb;font-size:11px;}.rpwe-comment{color:#bbb;font-size:11px;padding-left:5px;}.rpwe-alignleft{display:inline;float:left;}.rpwe-alignright{display:inline;float:right;}.rpwe-aligncenter{display:block;margin-left: auto;margin-right: auto;}.rpwe-clearfix:before,.rpwe-clearfix:after{content:\"\";display:table !important;}.rpwe-clearfix:after{clear:both;}.rpwe-clearfix{zoom:1;}\n<\/style>\n\t<div id=\"panel-474-6-2-1\" class=\"so-panel widget widget_rpwe_widget rpwe_widget recent-posts-extended panel-last-child\" data-index=\"14\" ><div  class=\"rpwe-block \"><ul class=\"rpwe-ul\"><li class=\"rpwe-li rpwe-clearfix\"><h3 class=\"rpwe-title\"><a href=\"https:\/\/creativperformance.com\/index.php\/2026\/01\/19\/chef-dequipe-proprete-h-f\/\" title=\"Lien vers CHEF D&#8217;\u00c9QUIPE PROPRET\u00c9 H\/F (POSTE POURVU)\" rel=\"bookmark\">CHEF D&#8217;\u00c9QUIPE PROPRET\u00c9 H\/F (POSTE POURVU)<\/a><\/h3><time class=\"rpwe-time published\" datetime=\"2026-01-19T21:03:30+01:00\">19 janvier 2026<\/time><\/li><li class=\"rpwe-li rpwe-clearfix\"><h3 class=\"rpwe-title\"><a href=\"https:\/\/creativperformance.com\/index.php\/2026\/01\/19\/agent-dentretien-h-f-2\/\" title=\"Lien vers AGENT D&#8217;ENTRETIEN H\/F (POSTE POURVU)\" rel=\"bookmark\">AGENT D&#8217;ENTRETIEN H\/F (POSTE POURVU)<\/a><\/h3><time class=\"rpwe-time published\" datetime=\"2026-01-19T20:55:18+01:00\">19 janvier 2026<\/time><\/li><li class=\"rpwe-li rpwe-clearfix\"><h3 class=\"rpwe-title\"><a href=\"https:\/\/creativperformance.com\/index.php\/2025\/11\/10\/employe-technique-espace-vert-h-f\/\" title=\"Lien vers EMPLOY\u00c9 TECHNIQUE ESPACE VERT H\/F (POSTE POURVU)\" rel=\"bookmark\">EMPLOY\u00c9 TECHNIQUE ESPACE VERT H\/F (POSTE POURVU)<\/a><\/h3><time class=\"rpwe-time published\" datetime=\"2025-11-10T16:05:13+01:00\">10 novembre 2025<\/time><\/li><\/ul><\/div><!-- Generated by http:\/\/wordpress.org\/plugins\/recent-posts-widget-extended\/ --><\/div><\/div><\/div><\/div>","protected":false},"excerpt":{"rendered":"<p>Technicien(ne) dans l\u2019\u00e2me, vous ressentez le besoin d\u2019avoir un appui fiable dans la gestion et le management de vos collaborateurs [&hellip;]<\/p>\n","protected":false},"author":1,"featured_media":0,"parent":0,"menu_order":0,"comment_status":"closed","ping_status":"closed","template":"page-templates\/pagebuilder.php","meta":[],"_links":{"self":[{"href":"https:\/\/creativperformance.com\/index.php\/wp-json\/wp\/v2\/pages\/474"}],"collection":[{"href":"https:\/\/creativperformance.com\/index.php\/wp-json\/wp\/v2\/pages"}],"about":[{"href":"https:\/\/creativperformance.com\/index.php\/wp-json\/wp\/v2\/types\/page"}],"author":[{"embeddable":true,"href":"https:\/\/creativperformance.com\/index.php\/wp-json\/wp\/v2\/users\/1"}],"replies":[{"embeddable":true,"href":"https:\/\/creativperformance.com\/index.php\/wp-json\/wp\/v2\/comments?post=474"}],"version-history":[{"count":97,"href":"https:\/\/creativperformance.com\/index.php\/wp-json\/wp\/v2\/pages\/474\/revisions"}],"predecessor-version":[{"id":876,"href":"https:\/\/creativperformance.com\/index.php\/wp-json\/wp\/v2\/pages\/474\/revisions\/876"}],"wp:attachment":[{"href":"https:\/\/creativperformance.com\/index.php\/wp-json\/wp\/v2\/media?parent=474"}],"curies":[{"name":"wp","href":"https:\/\/api.w.org\/{rel}","templated":true}]}}