{"id":580,"date":"2019-06-11T23:03:05","date_gmt":"2019-06-11T21:03:05","guid":{"rendered":"http:\/\/creativperformance.com\/?page_id=580"},"modified":"2019-08-22T00:27:43","modified_gmt":"2019-08-21T22:27:43","slug":"nos-solutions","status":"publish","type":"page","link":"https:\/\/creativperformance.com\/index.php\/nos-solutions\/","title":{"rendered":"Nos Solutions"},"content":{"rendered":"<div id=\"pl-gb580-69ded0486d2b5\"  class=\"panel-layout\" ><div id=\"pg-gb580-69ded0486d2b5-0\"  class=\"panel-grid panel-no-style\" ><div id=\"pgc-gb580-69ded0486d2b5-0-0\"  class=\"panel-grid-cell\" ><div id=\"panel-gb580-69ded0486d2b5-0-0-0\" class=\"so-panel widget widget_themegrill_flash_image tg-widget tg-image-widget panel-first-child panel-last-child\" data-index=\"0\" >\t<img src=\"https:\/\/creativperformance.com\/wp-content\/uploads\/2019\/08\/IMAGE-5-1.png\" \/>\n<\/div><\/div><\/div><div id=\"pg-gb580-69ded0486d2b5-1\"  class=\"panel-grid panel-no-style\" ><div id=\"pgc-gb580-69ded0486d2b5-1-0\"  class=\"panel-grid-cell\" ><div id=\"panel-gb580-69ded0486d2b5-1-0-0\" class=\"so-panel widget widget_text panel-first-child panel-last-child\" data-index=\"1\" >\t\t\t<div class=\"textwidget\"><p>&nbsp;<\/p>\n<p>&nbsp;<\/p>\n<\/div>\n\t\t<\/div><\/div><\/div><div id=\"pg-gb580-69ded0486d2b5-2\"  class=\"panel-grid panel-no-style\" ><div id=\"pgc-gb580-69ded0486d2b5-2-0\"  class=\"panel-grid-cell\" ><div id=\"panel-gb580-69ded0486d2b5-2-0-0\" class=\"so-panel widget widget_themegrill_flash_heading tg-widget section-title-wrapper panel-first-child\" data-index=\"2\" >\t<h3 class=\"section-title\">Faire de notre collaboration un levier pour booster votre cr\u00e9ation de valeur ajout\u00e9e et p\u00e9renniser votre activit\u00e9 !<\/h3>\n<\/div><div id=\"panel-gb580-69ded0486d2b5-2-0-1\" class=\"so-panel widget widget_themegrill_flash_image tg-widget tg-image-widget panel-last-child\" data-index=\"3\" >\t<img src=\"http:\/\/creativperformance.com\/wp-content\/uploads\/2019\/06\/Conseil.png\" \/>\n<\/div><\/div><\/div><div id=\"pg-gb580-69ded0486d2b5-3\"  class=\"panel-grid panel-no-style\" ><div id=\"pgc-gb580-69ded0486d2b5-3-0\"  class=\"panel-grid-cell\" ><div id=\"panel-gb580-69ded0486d2b5-3-0-0\" class=\"so-panel widget widget_text panel-first-child panel-last-child\" data-index=\"4\" >\t\t\t<div class=\"textwidget\"><p>&nbsp;<\/p>\n<p>&nbsp;<\/p>\n<\/div>\n\t\t<\/div><\/div><\/div><div id=\"pg-gb580-69ded0486d2b5-4\"  class=\"panel-grid panel-no-style\" ><div id=\"pgc-gb580-69ded0486d2b5-4-0\"  class=\"panel-grid-cell\" ><div id=\"panel-gb580-69ded0486d2b5-4-0-0\" class=\"so-panel widget widget_themegrill_flash_heading tg-widget section-title-wrapper panel-first-child\" data-index=\"5\" >\t<h3 class=\"section-title\">Quelques exemples de nos missions<\/h3>\n<\/div><div id=\"panel-gb580-69ded0486d2b5-4-0-1\" class=\"so-panel widget widget_themegrill_flash_image tg-widget tg-image-widget panel-last-child\" data-index=\"6\" >\t<img src=\"http:\/\/creativperformance.com\/wp-content\/uploads\/2019\/06\/IMAGE-PONCTUEL.jpg\" \/>\n<\/div><\/div><\/div><div id=\"pg-gb580-69ded0486d2b5-5\"  class=\"panel-grid panel-no-style\" ><div id=\"pgc-gb580-69ded0486d2b5-5-0\"  class=\"panel-grid-cell\" ><div id=\"panel-gb580-69ded0486d2b5-5-0-0\" class=\"so-panel widget widget_text panel-first-child panel-last-child\" data-index=\"7\" >\t\t\t<div class=\"textwidget\"><p>&nbsp;<\/p>\n<p>&nbsp;<\/p>\n<\/div>\n\t\t<\/div><\/div><\/div><div id=\"pg-gb580-69ded0486d2b5-6\"  class=\"panel-grid panel-no-style\" ><div id=\"pgc-gb580-69ded0486d2b5-6-0\"  class=\"panel-grid-cell\" ><div id=\"panel-gb580-69ded0486d2b5-6-0-0\" class=\"so-panel widget widget_themegrill_flash_heading tg-widget section-title-wrapper panel-first-child\" data-index=\"8\" >\t<h3 class=\"section-title\">Osez votre pr\u00e9diagnostic<\/h3>\n<\/div><div id=\"panel-gb580-69ded0486d2b5-6-0-1\" class=\"so-panel widget widget_themegrill_flash_image tg-widget tg-image-widget panel-last-child\" data-index=\"9\" >\t<a href=\"https:\/\/creativperformance.com\/index.php\/contact\"><img src=\"https:\/\/creativperformance.com\/wp-content\/uploads\/2019\/08\/IMAGE-4.png\" \/><\/a>\n<\/div><\/div><\/div><\/div>","protected":false},"excerpt":{"rendered":"","protected":false},"author":1,"featured_media":0,"parent":0,"menu_order":0,"comment_status":"closed","ping_status":"closed","template":"page-templates\/full-width.php","meta":[],"_links":{"self":[{"href":"https:\/\/creativperformance.com\/index.php\/wp-json\/wp\/v2\/pages\/580"}],"collection":[{"href":"https:\/\/creativperformance.com\/index.php\/wp-json\/wp\/v2\/pages"}],"about":[{"href":"https:\/\/creativperformance.com\/index.php\/wp-json\/wp\/v2\/types\/page"}],"author":[{"embeddable":true,"href":"https:\/\/creativperformance.com\/index.php\/wp-json\/wp\/v2\/users\/1"}],"replies":[{"embeddable":true,"href":"https:\/\/creativperformance.com\/index.php\/wp-json\/wp\/v2\/comments?post=580"}],"version-history":[{"count":9,"href":"https:\/\/creativperformance.com\/index.php\/wp-json\/wp\/v2\/pages\/580\/revisions"}],"predecessor-version":[{"id":915,"href":"https:\/\/creativperformance.com\/index.php\/wp-json\/wp\/v2\/pages\/580\/revisions\/915"}],"wp:attachment":[{"href":"https:\/\/creativperformance.com\/index.php\/wp-json\/wp\/v2\/media?parent=580"}],"curies":[{"name":"wp","href":"https:\/\/api.w.org\/{rel}","templated":true}]}}