{"id":699,"date":"2019-06-19T22:46:04","date_gmt":"2019-06-19T20:46:04","guid":{"rendered":"http:\/\/creativperformance.com\/?page_id=699"},"modified":"2019-08-21T23:58:25","modified_gmt":"2019-08-21T21:58:25","slug":"notre-cabinet","status":"publish","type":"page","link":"https:\/\/creativperformance.com\/index.php\/notre-cabinet\/","title":{"rendered":"Notre Cabinet"},"content":{"rendered":"<div id=\"pl-gb699-69e1ef00d93d2\"  class=\"panel-layout\" ><div id=\"pg-gb699-69e1ef00d93d2-0\"  class=\"panel-grid panel-no-style\" ><div id=\"pgc-gb699-69e1ef00d93d2-0-0\"  class=\"panel-grid-cell\" ><div id=\"panel-gb699-69e1ef00d93d2-0-0-0\" class=\"so-panel widget widget_themegrill_flash_image tg-widget tg-image-widget panel-first-child panel-last-child\" data-index=\"0\" >\t<img src=\"http:\/\/creativperformance.com\/wp-content\/uploads\/2019\/06\/connect-1586220_1920.jpg\" \/>\n<\/div><\/div><\/div><div id=\"pg-gb699-69e1ef00d93d2-1\"  class=\"panel-grid panel-no-style\" ><div id=\"pgc-gb699-69e1ef00d93d2-1-0\"  class=\"panel-grid-cell\" ><div id=\"panel-gb699-69e1ef00d93d2-1-0-0\" class=\"so-panel widget widget_themegrill_flash_heading tg-widget section-title-wrapper panel-first-child panel-last-child\" data-index=\"1\" >\t<h3 class=\"section-title\">Une approche adapt\u00e9e \u00e0 vos besoins r\u00e9els !<\/h3>\n<\/div><\/div><\/div><div id=\"pg-gb699-69e1ef00d93d2-2\"  class=\"panel-grid panel-no-style\" ><div id=\"pgc-gb699-69e1ef00d93d2-2-0\"  class=\"panel-grid-cell\" ><div id=\"panel-gb699-69e1ef00d93d2-2-0-0\" class=\"so-panel widget widget_text panel-first-child panel-last-child\" data-index=\"2\" >\t\t\t<div class=\"textwidget\"><p>Cr\u00e9ativ\u2019 Performance est un <b>cabinet de Conseil Strat\u00e9gique en Organisation et Gestion des Ressources Humaines<\/b> n\u00e9 de l\u2019alliance de deux professionnelles dressant le m\u00eame constat :<\/p>\n<p>Les Petites et Moyennes Entreprises confront\u00e9es aux <b>pressions \u00e9conomiques <\/b>et aux obligations li\u00e9es \u00e0 la <b>r\u00e9glementation<\/b> ont la n\u00e9cessit\u00e9 d\u2019\u00eatre accompagn\u00e9es dans les fonctions supports.<\/p>\n<p>N\u00e9anmoins, leur r\u00e9alit\u00e9 \u00e9conomique les prive de cette possibilit\u00e9 compte tenu des co\u00fbts directs et indirects que cela repr\u00e9sente.<\/p>\n<p>Cr\u00e9ativ\u2019 Performance apporte la r\u00e9ponse \u00e0 ce besoin \u00e0 travers un <b>appui strat\u00e9gique et op\u00e9rationnel adapt\u00e9 \u00e0 chaque entreprise en prenant en compte son histoire, sa r\u00e9alit\u00e9, ses projections et ses ambitions pour l\u2019avenir.<\/b><\/p>\n<p>&nbsp;<\/p>\n<p>&nbsp;<\/p>\n<\/div>\n\t\t<\/div><\/div><div id=\"pgc-gb699-69e1ef00d93d2-2-1\"  class=\"panel-grid-cell\" ><div id=\"panel-gb699-69e1ef00d93d2-2-1-0\" class=\"so-panel widget widget_themegrill_flash_image tg-widget tg-image-widget panel-first-child panel-last-child\" data-index=\"3\" >\t<img src=\"http:\/\/creativperformance.com\/wp-content\/uploads\/2019\/06\/STRATEGIE-1.jpg\" \/>\n<\/div><\/div><\/div><div id=\"pg-gb699-69e1ef00d93d2-3\"  class=\"panel-grid panel-no-style\" ><div id=\"pgc-gb699-69e1ef00d93d2-3-0\"  class=\"panel-grid-cell\" ><div id=\"panel-gb699-69e1ef00d93d2-3-0-0\" class=\"so-panel widget widget_themegrill_flash_heading tg-widget section-title-wrapper panel-first-child\" data-index=\"4\" >\t<h3 class=\"section-title\">Nos Valeurs<\/h3>\n<\/div><div id=\"panel-gb699-69e1ef00d93d2-3-0-1\" class=\"so-panel widget widget_themegrill_flash_image tg-widget tg-image-widget panel-last-child\" data-index=\"5\" >\t<img src=\"http:\/\/creativperformance.com\/wp-content\/uploads\/2019\/06\/Image1.jpg\" \/>\n<\/div><\/div><\/div><div id=\"pg-gb699-69e1ef00d93d2-4\"  class=\"panel-grid panel-no-style\" ><div id=\"pgc-gb699-69e1ef00d93d2-4-0\"  class=\"panel-grid-cell\" ><div id=\"panel-gb699-69e1ef00d93d2-4-0-0\" class=\"so-panel widget widget_themegrill_flash_heading tg-widget section-title-wrapper panel-first-child panel-last-child\" data-index=\"6\" >\t<h3 class=\"section-title\">Notre \u00e9quipe :<\/h3>\n<\/div><\/div><\/div><div id=\"pg-gb699-69e1ef00d93d2-5\"  class=\"panel-grid panel-no-style\" ><div id=\"pgc-gb699-69e1ef00d93d2-5-0\"  class=\"panel-grid-cell\" ><div id=\"panel-gb699-69e1ef00d93d2-5-0-0\" class=\"so-panel widget widget_themegrill_flash_image tg-widget tg-image-widget panel-first-child panel-last-child\" data-index=\"7\" >\t<img src=\"https:\/\/creativperformance.com\/wp-content\/uploads\/2019\/08\/IMG_0773.jpg\" \/>\n<\/div><\/div><div id=\"pgc-gb699-69e1ef00d93d2-5-1\"  class=\"panel-grid-cell\" ><div id=\"panel-gb699-69e1ef00d93d2-5-1-0\" class=\"so-panel widget widget_text panel-first-child panel-last-child\" data-index=\"8\" >\t\t\t<div class=\"textwidget\"><p><b>M\u00e9lissa MERIDAN<\/b>, <b>Consultante RH &amp; Organisation<\/b><\/p>\n<p><em>\u00ab\u00a0Votre r\u00e9ussite est aussi la n\u00f4tre. Ainsi, nous nous engageons \u00e0 vos c\u00f4t\u00e9s pour d\u00e9finir vos axes strat\u00e9giques, les d\u00e9ployer ensemble sur le plan op\u00e9rationnel et en assurer le suivi dans le temps.\u00a0\u00bb<\/em><\/p>\n<\/div>\n\t\t<\/div><\/div><\/div><div id=\"pg-gb699-69e1ef00d93d2-6\"  class=\"panel-grid panel-no-style\" ><div id=\"pgc-gb699-69e1ef00d93d2-6-0\"  class=\"panel-grid-cell\" ><div id=\"panel-gb699-69e1ef00d93d2-6-0-0\" class=\"so-panel widget widget_text panel-first-child panel-last-child\" data-index=\"9\" >\t\t\t<div class=\"textwidget\"><p>&nbsp;<\/p>\n<p><b>Ludivine PROSPER,\u00a0 Consultante RH &amp; Organisation<\/b><\/p>\n<p><i>\u00ab Notre approche est r\u00e9solument proche des r\u00e9alit\u00e9s de notre territoire pour ainsi vous apporter notre expertise au service de votre performance et de votre prise de recul strat\u00e9gique. \u00bb<\/i><\/p>\n<\/div>\n\t\t<\/div><\/div><div id=\"pgc-gb699-69e1ef00d93d2-6-1\"  class=\"panel-grid-cell\" ><div id=\"panel-gb699-69e1ef00d93d2-6-1-0\" class=\"so-panel widget widget_themegrill_flash_image tg-widget tg-image-widget panel-first-child panel-last-child\" data-index=\"10\" >\t<img src=\"https:\/\/creativperformance.com\/wp-content\/uploads\/2019\/08\/IMG_0297-2.jpg\" \/>\n<\/div><\/div><\/div><\/div>","protected":false},"excerpt":{"rendered":"","protected":false},"author":1,"featured_media":0,"parent":0,"menu_order":0,"comment_status":"closed","ping_status":"closed","template":"page-templates\/full-width.php","meta":[],"_links":{"self":[{"href":"https:\/\/creativperformance.com\/index.php\/wp-json\/wp\/v2\/pages\/699"}],"collection":[{"href":"https:\/\/creativperformance.com\/index.php\/wp-json\/wp\/v2\/pages"}],"about":[{"href":"https:\/\/creativperformance.com\/index.php\/wp-json\/wp\/v2\/types\/page"}],"author":[{"embeddable":true,"href":"https:\/\/creativperformance.com\/index.php\/wp-json\/wp\/v2\/users\/1"}],"replies":[{"embeddable":true,"href":"https:\/\/creativperformance.com\/index.php\/wp-json\/wp\/v2\/comments?post=699"}],"version-history":[{"count":10,"href":"https:\/\/creativperformance.com\/index.php\/wp-json\/wp\/v2\/pages\/699\/revisions"}],"predecessor-version":[{"id":903,"href":"https:\/\/creativperformance.com\/index.php\/wp-json\/wp\/v2\/pages\/699\/revisions\/903"}],"wp:attachment":[{"href":"https:\/\/creativperformance.com\/index.php\/wp-json\/wp\/v2\/media?parent=699"}],"curies":[{"name":"wp","href":"https:\/\/api.w.org\/{rel}","templated":true}]}}